{"id":6861,"date":"2023-01-25T16:45:07","date_gmt":"2023-01-25T15:45:07","guid":{"rendered":"https:\/\/dharmasangh.fr\/?page_id=6861"},"modified":"2023-01-25T19:56:07","modified_gmt":"2023-01-25T18:56:07","slug":"priere-2-a-sarasvati","status":"publish","type":"page","link":"https:\/\/dharmasangh.fr\/?page_id=6861","title":{"rendered":"Pri\u00e8re (2) \u00e0 Sarasvat\u012b"},"content":{"rendered":"\n<figure class=\"wp-block-image is-resized\"><img loading=\"lazy\" decoding=\"async\" src=\"https:\/\/dharmasangh.fr\/wp-content\/uploads\/2023\/01\/pri\u00e8re-\u00e0-Sarasvati-2023_page-0001-724x1024.jpg\" alt=\"\" class=\"wp-image-6866\" width=\"543\" height=\"768\" srcset=\"https:\/\/dharmasangh.fr\/wp-content\/uploads\/2023\/01\/pri\u00e8re-\u00e0-Sarasvati-2023_page-0001-724x1024.jpg 724w, https:\/\/dharmasangh.fr\/wp-content\/uploads\/2023\/01\/pri\u00e8re-\u00e0-Sarasvati-2023_page-0001-212x300.jpg 212w, https:\/\/dharmasangh.fr\/wp-content\/uploads\/2023\/01\/pri\u00e8re-\u00e0-Sarasvati-2023_page-0001-768x1086.jpg 768w, https:\/\/dharmasangh.fr\/wp-content\/uploads\/2023\/01\/pri\u00e8re-\u00e0-Sarasvati-2023_page-0001.jpg 1241w\" sizes=\"auto, (max-width: 543px) 100vw, 543px\" \/><\/figure>\n","protected":false},"excerpt":{"rendered":"","protected":false},"author":3,"featured_media":0,"parent":2981,"menu_order":0,"comment_status":"closed","ping_status":"closed","template":"","meta":{"footnotes":""},"class_list":["post-6861","page","type-page","status-publish","hentry"],"_links":{"self":[{"href":"https:\/\/dharmasangh.fr\/index.php?rest_route=\/wp\/v2\/pages\/6861","targetHints":{"allow":["GET"]}}],"collection":[{"href":"https:\/\/dharmasangh.fr\/index.php?rest_route=\/wp\/v2\/pages"}],"about":[{"href":"https:\/\/dharmasangh.fr\/index.php?rest_route=\/wp\/v2\/types\/page"}],"author":[{"embeddable":true,"href":"https:\/\/dharmasangh.fr\/index.php?rest_route=\/wp\/v2\/users\/3"}],"replies":[{"embeddable":true,"href":"https:\/\/dharmasangh.fr\/index.php?rest_route=%2Fwp%2Fv2%2Fcomments&post=6861"}],"version-history":[{"count":4,"href":"https:\/\/dharmasangh.fr\/index.php?rest_route=\/wp\/v2\/pages\/6861\/revisions"}],"predecessor-version":[{"id":6867,"href":"https:\/\/dharmasangh.fr\/index.php?rest_route=\/wp\/v2\/pages\/6861\/revisions\/6867"}],"up":[{"embeddable":true,"href":"https:\/\/dharmasangh.fr\/index.php?rest_route=\/wp\/v2\/pages\/2981"}],"wp:attachment":[{"href":"https:\/\/dharmasangh.fr\/index.php?rest_route=%2Fwp%2Fv2%2Fmedia&parent=6861"}],"curies":[{"name":"wp","href":"https:\/\/api.w.org\/{rel}","templated":true}]}}